{"id":92,"date":"2026-03-12T10:31:29","date_gmt":"2026-03-12T10:31:29","guid":{"rendered":"https:\/\/war-machine-protocol.fr\/?page_id=92"},"modified":"2026-03-12T10:31:29","modified_gmt":"2026-03-12T10:31:29","slug":"frag-176-191-le-bruleur-de-graisse-ultime","status":"publish","type":"page","link":"https:\/\/war-machine-protocol.fr\/index.php\/frag-176-191-le-bruleur-de-graisse-ultime\/","title":{"rendered":"Frag 176-191 : Le Br\u00fbleur de Graisse Ultime"},"content":{"rendered":"\n<h2 class=\"wp-block-heading\">HGH Frag 176-191 : Ciblez la Graisse R\u00e9calcitrante<\/h2>\n\n\n\n<p>Le <strong>Frag 176-191<\/strong> est un fragment de l&#8217;hormone de croissance humaine qui conserve ses propri\u00e9t\u00e9s lipolytiques (combustion des graisses) sans affecter la glyc\u00e9mie ou la croissance cellulaire. C&#8217;est l&#8217;outil de pr\u00e9cision pour la s\u00e8che.<\/p>\n\n\n\n<h3 class=\"wp-block-heading\">Points Cl\u00e9s :<\/h3>\n\n\n\n<ul class=\"wp-block-list\">\n<li>Combustion des graisses 12,5 fois sup\u00e9rieure \u00e0 l&#8217;HGH standard<\/li>\n\n\n\n<li>Aucun effet sur la r\u00e9sistance \u00e0 l&#8217;insuline<\/li>\n\n\n\n<li>Action cibl\u00e9e sur le tissu adipeux<\/li>\n\n\n\n<li>Am\u00e9lioration du profil lipidique<\/li>\n<\/ul>\n\n\n\n<p>Le peptide incontournable pour les comp\u00e9titeurs. Puret\u00e9 certifi\u00e9e +99%.<\/p>\n","protected":false},"excerpt":{"rendered":"<p>HGH Frag 176-191 : Ciblez la Graisse R\u00e9calcitrante Le Frag 176-191 est un fragment de l&#8217;hormone de croissance humaine qui [&hellip;]<\/p>\n","protected":false},"author":1,"featured_media":0,"parent":0,"menu_order":0,"comment_status":"closed","ping_status":"closed","template":"","meta":{"site-sidebar-layout":"default","site-content-layout":"","ast-site-content-layout":"default","site-content-style":"default","site-sidebar-style":"default","ast-global-header-display":"","ast-banner-title-visibility":"","ast-main-header-display":"","ast-hfb-above-header-display":"","ast-hfb-below-header-display":"","ast-hfb-mobile-header-display":"","site-post-title":"","ast-breadcrumbs-content":"","ast-featured-img":"","footer-sml-layout":"","ast-disable-related-posts":"","theme-transparent-header-meta":"","adv-header-id-meta":"","stick-header-meta":"","header-above-stick-meta":"","header-main-stick-meta":"","header-below-stick-meta":"","astra-migrate-meta-layouts":"default","ast-page-background-enabled":"default","ast-page-background-meta":{"desktop":{"background-color":"var(--ast-global-color-5)","background-image":"","background-repeat":"repeat","background-position":"center center","background-size":"auto","background-attachment":"scroll","background-type":"","background-media":"","overlay-type":"","overlay-color":"","overlay-opacity":"","overlay-gradient":""},"tablet":{"background-color":"","background-image":"","background-repeat":"repeat","background-position":"center center","background-size":"auto","background-attachment":"scroll","background-type":"","background-media":"","overlay-type":"","overlay-color":"","overlay-opacity":"","overlay-gradient":""},"mobile":{"background-color":"","background-image":"","background-repeat":"repeat","background-position":"center center","background-size":"auto","background-attachment":"scroll","background-type":"","background-media":"","overlay-type":"","overlay-color":"","overlay-opacity":"","overlay-gradient":""}},"ast-content-background-meta":{"desktop":{"background-color":"var(--ast-global-color-4)","background-image":"","background-repeat":"repeat","background-position":"center center","background-size":"auto","background-attachment":"scroll","background-type":"","background-media":"","overlay-type":"","overlay-color":"","overlay-opacity":"","overlay-gradient":""},"tablet":{"background-color":"var(--ast-global-color-4)","background-image":"","background-repeat":"repeat","background-position":"center center","background-size":"auto","background-attachment":"scroll","background-type":"","background-media":"","overlay-type":"","overlay-color":"","overlay-opacity":"","overlay-gradient":""},"mobile":{"background-color":"var(--ast-global-color-4)","background-image":"","background-repeat":"repeat","background-position":"center center","background-size":"auto","background-attachment":"scroll","background-type":"","background-media":"","overlay-type":"","overlay-color":"","overlay-opacity":"","overlay-gradient":""}},"footnotes":""},"class_list":["post-92","page","type-page","status-publish","hentry"],"_links":{"self":[{"href":"https:\/\/war-machine-protocol.fr\/index.php\/wp-json\/wp\/v2\/pages\/92","targetHints":{"allow":["GET"]}}],"collection":[{"href":"https:\/\/war-machine-protocol.fr\/index.php\/wp-json\/wp\/v2\/pages"}],"about":[{"href":"https:\/\/war-machine-protocol.fr\/index.php\/wp-json\/wp\/v2\/types\/page"}],"author":[{"embeddable":true,"href":"https:\/\/war-machine-protocol.fr\/index.php\/wp-json\/wp\/v2\/users\/1"}],"replies":[{"embeddable":true,"href":"https:\/\/war-machine-protocol.fr\/index.php\/wp-json\/wp\/v2\/comments?post=92"}],"version-history":[{"count":1,"href":"https:\/\/war-machine-protocol.fr\/index.php\/wp-json\/wp\/v2\/pages\/92\/revisions"}],"predecessor-version":[{"id":93,"href":"https:\/\/war-machine-protocol.fr\/index.php\/wp-json\/wp\/v2\/pages\/92\/revisions\/93"}],"wp:attachment":[{"href":"https:\/\/war-machine-protocol.fr\/index.php\/wp-json\/wp\/v2\/media?parent=92"}],"curies":[{"name":"wp","href":"https:\/\/api.w.org\/{rel}","templated":true}]}}